{"id":6319,"date":"2026-03-20T08:05:02","date_gmt":"2026-03-20T07:05:02","guid":{"rendered":"https:\/\/arp.1o1o.com.hr\/?post_type=product&#038;p=6319"},"modified":"2026-03-25T13:59:40","modified_gmt":"2026-03-25T12:59:40","slug":"adolit-bq-r-gotovo-sredstvo-za-primjenu-impregnacija-zastitno-sredstvo-bez-teskih-metala-preventivna-zastita-drva-od-kukaca-i-gljivica","status":"publish","type":"product","link":"https:\/\/arp.1o1o.com.hr\/en\/webshop\/drvo\/impregnacija-za-preventivnu-zastitu-drva-od-kukaca-i-gljivica\/adolit-bq-r-gotovo-sredstvo-za-primjenu-impregnacija-zastitno-sredstvo-bez-teskih-metala-preventivna-zastita-drva-od-kukaca-i-gljivica\/","title":{"rendered":"ADOLIT BQ R GOTOVO SREDSTVO ZA PRIMJENU Impregnacija, za\u0161titno sredstvo bez te\u0161kih metala. Preventivna za\u0161tita drva od kukaca i gljivica."},"content":{"rendered":"","protected":false},"excerpt":{"rendered":"","protected":false},"featured_media":6329,"comment_status":"closed","ping_status":"closed","template":"","meta":{"_acf_changed":false,"inline_featured_image":false},"product_brand":[64],"product_cat":[42,200],"product_tag":[],"class_list":{"0":"post-6319","1":"product","2":"type-product","3":"status-publish","4":"has-post-thumbnail","6":"product_brand-remmers","7":"product_cat-drvo","8":"product_cat-impregnacija-za-preventivnu-zastitu-drva-od-kukaca-i-gljivica","10":"first","11":"instock","12":"shipping-taxable","13":"purchasable","14":"product-type-variable","15":"has-default-attributes"},"acf":[],"yoast_head":"<!-- This site is optimized with the Yoast SEO plugin v27.4 - https:\/\/yoast.com\/product\/yoast-seo-wordpress\/ -->\n<title>ADOLIT BQ R GOTOVO SREDSTVO ZA PRIMJENU Impregnacija, za\u0161titno sredstvo bez te\u0161kih metala. Preventivna za\u0161tita drva od kukaca i gljivica. - ARP<\/title>\n<meta name=\"robots\" content=\"noindex, follow, max-snippet:-1, max-image-preview:large, max-video-preview:-1\" \/>\n<meta property=\"og:locale\" content=\"en_US\" \/>\n<meta property=\"og:type\" content=\"article\" \/>\n<meta property=\"og:title\" content=\"ADOLIT BQ R GOTOVO SREDSTVO ZA PRIMJENU Impregnacija, za\u0161titno sredstvo bez te\u0161kih metala. Preventivna za\u0161tita drva od kukaca i gljivica. - ARP\" \/>\n<meta property=\"og:url\" content=\"https:\/\/arp.1o1o.com.hr\/en\/webshop\/drvo\/impregnacija-za-preventivnu-zastitu-drva-od-kukaca-i-gljivica\/adolit-bq-r-gotovo-sredstvo-za-primjenu-impregnacija-zastitno-sredstvo-bez-teskih-metala-preventivna-zastita-drva-od-kukaca-i-gljivica\/\" \/>\n<meta property=\"og:site_name\" content=\"ARP\" \/>\n<meta property=\"article:modified_time\" content=\"2026-03-25T12:59:40+00:00\" \/>\n<meta property=\"og:image\" content=\"https:\/\/arp.1o1o.com.hr\/wp-content\/uploads\/2026\/03\/ADOLIT-BQ-R-FOTO-1024x844.jpg\" \/>\n\t<meta property=\"og:image:width\" content=\"1024\" \/>\n\t<meta property=\"og:image:height\" content=\"844\" \/>\n\t<meta property=\"og:image:type\" content=\"image\/jpeg\" \/>\n<meta name=\"twitter:card\" content=\"summary_large_image\" \/>\n<script type=\"application\/ld+json\" class=\"yoast-schema-graph\">{\"@context\":\"https:\\\/\\\/schema.org\",\"@graph\":[{\"@type\":\"WebPage\",\"@id\":\"https:\\\/\\\/arp.1o1o.com.hr\\\/en\\\/webshop\\\/drvo\\\/impregnacija-za-preventivnu-zastitu-drva-od-kukaca-i-gljivica\\\/adolit-bq-r-gotovo-sredstvo-za-primjenu-impregnacija-zastitno-sredstvo-bez-teskih-metala-preventivna-zastita-drva-od-kukaca-i-gljivica\\\/\",\"url\":\"https:\\\/\\\/arp.1o1o.com.hr\\\/en\\\/webshop\\\/drvo\\\/impregnacija-za-preventivnu-zastitu-drva-od-kukaca-i-gljivica\\\/adolit-bq-r-gotovo-sredstvo-za-primjenu-impregnacija-zastitno-sredstvo-bez-teskih-metala-preventivna-zastita-drva-od-kukaca-i-gljivica\\\/\",\"name\":\"ADOLIT BQ R GOTOVO SREDSTVO ZA PRIMJENU Impregnacija, za\u0161titno sredstvo bez te\u0161kih metala. Preventivna za\u0161tita drva od kukaca i gljivica. - ARP\",\"isPartOf\":{\"@id\":\"https:\\\/\\\/arp.1o1o.com.hr\\\/#website\"},\"primaryImageOfPage\":{\"@id\":\"https:\\\/\\\/arp.1o1o.com.hr\\\/en\\\/webshop\\\/drvo\\\/impregnacija-za-preventivnu-zastitu-drva-od-kukaca-i-gljivica\\\/adolit-bq-r-gotovo-sredstvo-za-primjenu-impregnacija-zastitno-sredstvo-bez-teskih-metala-preventivna-zastita-drva-od-kukaca-i-gljivica\\\/#primaryimage\"},\"image\":{\"@id\":\"https:\\\/\\\/arp.1o1o.com.hr\\\/en\\\/webshop\\\/drvo\\\/impregnacija-za-preventivnu-zastitu-drva-od-kukaca-i-gljivica\\\/adolit-bq-r-gotovo-sredstvo-za-primjenu-impregnacija-zastitno-sredstvo-bez-teskih-metala-preventivna-zastita-drva-od-kukaca-i-gljivica\\\/#primaryimage\"},\"thumbnailUrl\":\"https:\\\/\\\/arp.1o1o.com.hr\\\/wp-content\\\/uploads\\\/2026\\\/03\\\/ADOLIT-BQ-R-FOTO-scaled.jpg\",\"datePublished\":\"2026-03-20T07:05:02+00:00\",\"dateModified\":\"2026-03-25T12:59:40+00:00\",\"breadcrumb\":{\"@id\":\"https:\\\/\\\/arp.1o1o.com.hr\\\/en\\\/webshop\\\/drvo\\\/impregnacija-za-preventivnu-zastitu-drva-od-kukaca-i-gljivica\\\/adolit-bq-r-gotovo-sredstvo-za-primjenu-impregnacija-zastitno-sredstvo-bez-teskih-metala-preventivna-zastita-drva-od-kukaca-i-gljivica\\\/#breadcrumb\"},\"inLanguage\":\"en-US\",\"potentialAction\":[{\"@type\":\"ReadAction\",\"target\":[\"https:\\\/\\\/arp.1o1o.com.hr\\\/en\\\/webshop\\\/drvo\\\/impregnacija-za-preventivnu-zastitu-drva-od-kukaca-i-gljivica\\\/adolit-bq-r-gotovo-sredstvo-za-primjenu-impregnacija-zastitno-sredstvo-bez-teskih-metala-preventivna-zastita-drva-od-kukaca-i-gljivica\\\/\"]}]},{\"@type\":\"ImageObject\",\"inLanguage\":\"en-US\",\"@id\":\"https:\\\/\\\/arp.1o1o.com.hr\\\/en\\\/webshop\\\/drvo\\\/impregnacija-za-preventivnu-zastitu-drva-od-kukaca-i-gljivica\\\/adolit-bq-r-gotovo-sredstvo-za-primjenu-impregnacija-zastitno-sredstvo-bez-teskih-metala-preventivna-zastita-drva-od-kukaca-i-gljivica\\\/#primaryimage\",\"url\":\"https:\\\/\\\/arp.1o1o.com.hr\\\/wp-content\\\/uploads\\\/2026\\\/03\\\/ADOLIT-BQ-R-FOTO-scaled.jpg\",\"contentUrl\":\"https:\\\/\\\/arp.1o1o.com.hr\\\/wp-content\\\/uploads\\\/2026\\\/03\\\/ADOLIT-BQ-R-FOTO-scaled.jpg\",\"width\":2560,\"height\":2109},{\"@type\":\"BreadcrumbList\",\"@id\":\"https:\\\/\\\/arp.1o1o.com.hr\\\/en\\\/webshop\\\/drvo\\\/impregnacija-za-preventivnu-zastitu-drva-od-kukaca-i-gljivica\\\/adolit-bq-r-gotovo-sredstvo-za-primjenu-impregnacija-zastitno-sredstvo-bez-teskih-metala-preventivna-zastita-drva-od-kukaca-i-gljivica\\\/#breadcrumb\",\"itemListElement\":[{\"@type\":\"ListItem\",\"position\":1,\"name\":\"Po\u010detna stranica\",\"item\":\"https:\\\/\\\/arp.1o1o.com.hr\\\/\"},{\"@type\":\"ListItem\",\"position\":2,\"name\":\"Webshop\",\"item\":\"https:\\\/\\\/arp.1o1o.com.hr\\\/webshop\\\/\"},{\"@type\":\"ListItem\",\"position\":3,\"name\":\"ADOLIT BQ R GOTOVO SREDSTVO ZA PRIMJENU Impregnacija, za\u0161titno sredstvo bez te\u0161kih metala. Preventivna za\u0161tita drva od kukaca i gljivica.\"}]},{\"@type\":\"WebSite\",\"@id\":\"https:\\\/\\\/arp.1o1o.com.hr\\\/#website\",\"url\":\"https:\\\/\\\/arp.1o1o.com.hr\\\/\",\"name\":\"ARP\",\"description\":\"\",\"potentialAction\":[{\"@type\":\"SearchAction\",\"target\":{\"@type\":\"EntryPoint\",\"urlTemplate\":\"https:\\\/\\\/arp.1o1o.com.hr\\\/?s={search_term_string}\"},\"query-input\":{\"@type\":\"PropertyValueSpecification\",\"valueRequired\":true,\"valueName\":\"search_term_string\"}}],\"inLanguage\":\"en-US\"}]}<\/script>\n<!-- \/ Yoast SEO plugin. -->","yoast_head_json":{"title":"ADOLIT BQ R GOTOVO SREDSTVO ZA PRIMJENU Impregnacija, za\u0161titno sredstvo bez te\u0161kih metala. Preventivna za\u0161tita drva od kukaca i gljivica. - ARP","robots":{"index":"noindex","follow":"follow","max-snippet":"max-snippet:-1","max-image-preview":"max-image-preview:large","max-video-preview":"max-video-preview:-1"},"og_locale":"en_US","og_type":"article","og_title":"ADOLIT BQ R GOTOVO SREDSTVO ZA PRIMJENU Impregnacija, za\u0161titno sredstvo bez te\u0161kih metala. Preventivna za\u0161tita drva od kukaca i gljivica. - ARP","og_url":"https:\/\/arp.1o1o.com.hr\/en\/webshop\/drvo\/impregnacija-za-preventivnu-zastitu-drva-od-kukaca-i-gljivica\/adolit-bq-r-gotovo-sredstvo-za-primjenu-impregnacija-zastitno-sredstvo-bez-teskih-metala-preventivna-zastita-drva-od-kukaca-i-gljivica\/","og_site_name":"ARP","article_modified_time":"2026-03-25T12:59:40+00:00","og_image":[{"width":1024,"height":844,"url":"https:\/\/arp.1o1o.com.hr\/wp-content\/uploads\/2026\/03\/ADOLIT-BQ-R-FOTO-1024x844.jpg","type":"image\/jpeg"}],"twitter_card":"summary_large_image","schema":{"@context":"https:\/\/schema.org","@graph":[{"@type":"WebPage","@id":"https:\/\/arp.1o1o.com.hr\/en\/webshop\/drvo\/impregnacija-za-preventivnu-zastitu-drva-od-kukaca-i-gljivica\/adolit-bq-r-gotovo-sredstvo-za-primjenu-impregnacija-zastitno-sredstvo-bez-teskih-metala-preventivna-zastita-drva-od-kukaca-i-gljivica\/","url":"https:\/\/arp.1o1o.com.hr\/en\/webshop\/drvo\/impregnacija-za-preventivnu-zastitu-drva-od-kukaca-i-gljivica\/adolit-bq-r-gotovo-sredstvo-za-primjenu-impregnacija-zastitno-sredstvo-bez-teskih-metala-preventivna-zastita-drva-od-kukaca-i-gljivica\/","name":"ADOLIT BQ R GOTOVO SREDSTVO ZA PRIMJENU Impregnacija, za\u0161titno sredstvo bez te\u0161kih metala. Preventivna za\u0161tita drva od kukaca i gljivica. - ARP","isPartOf":{"@id":"https:\/\/arp.1o1o.com.hr\/#website"},"primaryImageOfPage":{"@id":"https:\/\/arp.1o1o.com.hr\/en\/webshop\/drvo\/impregnacija-za-preventivnu-zastitu-drva-od-kukaca-i-gljivica\/adolit-bq-r-gotovo-sredstvo-za-primjenu-impregnacija-zastitno-sredstvo-bez-teskih-metala-preventivna-zastita-drva-od-kukaca-i-gljivica\/#primaryimage"},"image":{"@id":"https:\/\/arp.1o1o.com.hr\/en\/webshop\/drvo\/impregnacija-za-preventivnu-zastitu-drva-od-kukaca-i-gljivica\/adolit-bq-r-gotovo-sredstvo-za-primjenu-impregnacija-zastitno-sredstvo-bez-teskih-metala-preventivna-zastita-drva-od-kukaca-i-gljivica\/#primaryimage"},"thumbnailUrl":"https:\/\/arp.1o1o.com.hr\/wp-content\/uploads\/2026\/03\/ADOLIT-BQ-R-FOTO-scaled.jpg","datePublished":"2026-03-20T07:05:02+00:00","dateModified":"2026-03-25T12:59:40+00:00","breadcrumb":{"@id":"https:\/\/arp.1o1o.com.hr\/en\/webshop\/drvo\/impregnacija-za-preventivnu-zastitu-drva-od-kukaca-i-gljivica\/adolit-bq-r-gotovo-sredstvo-za-primjenu-impregnacija-zastitno-sredstvo-bez-teskih-metala-preventivna-zastita-drva-od-kukaca-i-gljivica\/#breadcrumb"},"inLanguage":"en-US","potentialAction":[{"@type":"ReadAction","target":["https:\/\/arp.1o1o.com.hr\/en\/webshop\/drvo\/impregnacija-za-preventivnu-zastitu-drva-od-kukaca-i-gljivica\/adolit-bq-r-gotovo-sredstvo-za-primjenu-impregnacija-zastitno-sredstvo-bez-teskih-metala-preventivna-zastita-drva-od-kukaca-i-gljivica\/"]}]},{"@type":"ImageObject","inLanguage":"en-US","@id":"https:\/\/arp.1o1o.com.hr\/en\/webshop\/drvo\/impregnacija-za-preventivnu-zastitu-drva-od-kukaca-i-gljivica\/adolit-bq-r-gotovo-sredstvo-za-primjenu-impregnacija-zastitno-sredstvo-bez-teskih-metala-preventivna-zastita-drva-od-kukaca-i-gljivica\/#primaryimage","url":"https:\/\/arp.1o1o.com.hr\/wp-content\/uploads\/2026\/03\/ADOLIT-BQ-R-FOTO-scaled.jpg","contentUrl":"https:\/\/arp.1o1o.com.hr\/wp-content\/uploads\/2026\/03\/ADOLIT-BQ-R-FOTO-scaled.jpg","width":2560,"height":2109},{"@type":"BreadcrumbList","@id":"https:\/\/arp.1o1o.com.hr\/en\/webshop\/drvo\/impregnacija-za-preventivnu-zastitu-drva-od-kukaca-i-gljivica\/adolit-bq-r-gotovo-sredstvo-za-primjenu-impregnacija-zastitno-sredstvo-bez-teskih-metala-preventivna-zastita-drva-od-kukaca-i-gljivica\/#breadcrumb","itemListElement":[{"@type":"ListItem","position":1,"name":"Po\u010detna stranica","item":"https:\/\/arp.1o1o.com.hr\/"},{"@type":"ListItem","position":2,"name":"Webshop","item":"https:\/\/arp.1o1o.com.hr\/webshop\/"},{"@type":"ListItem","position":3,"name":"ADOLIT BQ R GOTOVO SREDSTVO ZA PRIMJENU Impregnacija, za\u0161titno sredstvo bez te\u0161kih metala. Preventivna za\u0161tita drva od kukaca i gljivica."}]},{"@type":"WebSite","@id":"https:\/\/arp.1o1o.com.hr\/#website","url":"https:\/\/arp.1o1o.com.hr\/","name":"ARP","description":"","potentialAction":[{"@type":"SearchAction","target":{"@type":"EntryPoint","urlTemplate":"https:\/\/arp.1o1o.com.hr\/?s={search_term_string}"},"query-input":{"@type":"PropertyValueSpecification","valueRequired":true,"valueName":"search_term_string"}}],"inLanguage":"en-US"}]}},"_links":{"self":[{"href":"https:\/\/arp.1o1o.com.hr\/en\/wp-json\/wp\/v2\/product\/6319","targetHints":{"allow":["GET"]}}],"collection":[{"href":"https:\/\/arp.1o1o.com.hr\/en\/wp-json\/wp\/v2\/product"}],"about":[{"href":"https:\/\/arp.1o1o.com.hr\/en\/wp-json\/wp\/v2\/types\/product"}],"replies":[{"embeddable":true,"href":"https:\/\/arp.1o1o.com.hr\/en\/wp-json\/wp\/v2\/comments?post=6319"}],"wp:featuredmedia":[{"embeddable":true,"href":"https:\/\/arp.1o1o.com.hr\/en\/wp-json\/wp\/v2\/media\/6329"}],"wp:attachment":[{"href":"https:\/\/arp.1o1o.com.hr\/en\/wp-json\/wp\/v2\/media?parent=6319"}],"wp:term":[{"taxonomy":"product_brand","embeddable":true,"href":"https:\/\/arp.1o1o.com.hr\/en\/wp-json\/wp\/v2\/product_brand?post=6319"},{"taxonomy":"product_cat","embeddable":true,"href":"https:\/\/arp.1o1o.com.hr\/en\/wp-json\/wp\/v2\/product_cat?post=6319"},{"taxonomy":"product_tag","embeddable":true,"href":"https:\/\/arp.1o1o.com.hr\/en\/wp-json\/wp\/v2\/product_tag?post=6319"}],"curies":[{"name":"wp","href":"https:\/\/api.w.org\/{rel}","templated":true}]}}